{"id":29621,"date":"2019-09-21T21:16:14","date_gmt":"2019-09-21T19:16:14","guid":{"rendered":"https:\/\/myreflexo.ch\/it\/?page_id=29621"},"modified":"2024-12-04T12:23:55","modified_gmt":"2024-12-04T11:23:55","slug":"buono-regalo","status":"publish","type":"page","link":"https:\/\/myreflexo.ch\/it\/buono-regalo\/","title":{"rendered":"Buono regalo"},"content":{"rendered":"\t\t<div data-elementor-type=\"wp-page\" data-elementor-id=\"29621\" class=\"elementor elementor-29621\">\n\t\t\t\t\t\t<section class=\"elementor-section elementor-top-section elementor-element elementor-element-bdae5ad elementor-section-stretched elementor-section-height-min-height elementor-section-boxed elementor-section-height-default elementor-section-items-middle\" data-id=\"bdae5ad\" data-element_type=\"section\" data-settings=\"{&quot;stretch_section&quot;:&quot;section-stretched&quot;,&quot;background_background&quot;:&quot;classic&quot;}\">\n\t\t\t\t\t\t\t<div class=\"elementor-background-overlay\"><\/div>\n\t\t\t\t\t\t\t<div class=\"elementor-container elementor-column-gap-default\">\n\t\t\t\t\t<div class=\"elementor-column elementor-col-100 elementor-top-column elementor-element elementor-element-3f7337f\" data-id=\"3f7337f\" data-element_type=\"column\">\n\t\t\t<div class=\"elementor-widget-wrap elementor-element-populated\">\n\t\t\t\t\t\t<div class=\"elementor-element elementor-element-2a7269c elementor-widget elementor-widget-heading\" data-id=\"2a7269c\" data-element_type=\"widget\" data-widget_type=\"heading.default\">\n\t\t\t\t<div class=\"elementor-widget-container\">\n\t\t\t\t\t<h1 class=\"elementor-heading-title elementor-size-xxl\">Buoni regalo<\/h1>\t\t\t\t<\/div>\n\t\t\t\t<\/div>\n\t\t\t\t\t<\/div>\n\t\t<\/div>\n\t\t\t\t\t<\/div>\n\t\t<\/section>\n\t\t\t\t<section class=\"elementor-section elementor-top-section elementor-element elementor-element-7a8aced elementor-section-stretched elementor-section-boxed elementor-section-height-default elementor-section-height-default\" data-id=\"7a8aced\" data-element_type=\"section\" data-settings=\"{&quot;stretch_section&quot;:&quot;section-stretched&quot;}\">\n\t\t\t\t\t\t<div class=\"elementor-container elementor-column-gap-default\">\n\t\t\t\t\t<div class=\"elementor-column elementor-col-100 elementor-top-column elementor-element elementor-element-2f4f305\" data-id=\"2f4f305\" data-element_type=\"column\">\n\t\t\t<div class=\"elementor-widget-wrap elementor-element-populated\">\n\t\t\t\t\t\t<div class=\"elementor-element elementor-element-9cca279 elementor-widget elementor-widget-heading\" data-id=\"9cca279\" data-element_type=\"widget\" data-widget_type=\"heading.default\">\n\t\t\t\t<div class=\"elementor-widget-container\">\n\t\t\t\t\t<h2 class=\"elementor-heading-title elementor-size-default\">Per una seduta di un'ora alla scoperta della riflessologia<\/h2>\t\t\t\t<\/div>\n\t\t\t\t<\/div>\n\t\t\t\t\t<\/div>\n\t\t<\/div>\n\t\t\t\t\t<\/div>\n\t\t<\/section>\n\t\t\t\t<section class=\"elementor-section elementor-top-section elementor-element elementor-element-7460836e elementor-section-stretched elementor-section-content-top elementor-section-boxed elementor-section-height-default elementor-section-height-default\" data-id=\"7460836e\" data-element_type=\"section\" data-settings=\"{&quot;stretch_section&quot;:&quot;section-stretched&quot;}\">\n\t\t\t\t\t\t<div class=\"elementor-container elementor-column-gap-no\">\n\t\t\t\t\t<div class=\"elementor-column elementor-col-50 elementor-top-column elementor-element elementor-element-6f4b4926\" data-id=\"6f4b4926\" data-element_type=\"column\">\n\t\t\t<div class=\"elementor-widget-wrap elementor-element-populated\">\n\t\t\t\t\t\t<div class=\"elementor-element elementor-element-6af4c69 elementor-widget elementor-widget-image\" data-id=\"6af4c69\" data-element_type=\"widget\" data-widget_type=\"image.default\">\n\t\t\t\t<div class=\"elementor-widget-container\">\n\t\t\t\t\t\t\t\t\t\t\t\t\t\t\t<img fetchpriority=\"high\" decoding=\"async\" width=\"576\" height=\"384\" src=\"https:\/\/myreflexo.ch\/wp-content\/uploads\/2019\/09\/Dark-Maroon-Steakhouse-Restaurant-Gift-Certificate-3.png\" class=\"attachment-large size-large wp-image-30014\" alt=\"\" srcset=\"https:\/\/myreflexo.ch\/wp-content\/uploads\/2019\/09\/Dark-Maroon-Steakhouse-Restaurant-Gift-Certificate-3.png 576w, https:\/\/myreflexo.ch\/wp-content\/uploads\/2019\/09\/Dark-Maroon-Steakhouse-Restaurant-Gift-Certificate-3-300x200.png 300w, https:\/\/myreflexo.ch\/wp-content\/uploads\/2019\/09\/Dark-Maroon-Steakhouse-Restaurant-Gift-Certificate-3-360x240.png 360w\" sizes=\"(max-width: 576px) 100vw, 576px\" \/>\t\t\t\t\t\t\t\t\t\t\t\t\t\t\t<\/div>\n\t\t\t\t<\/div>\n\t\t\t\t\t<\/div>\n\t\t<\/div>\n\t\t\t\t<div class=\"elementor-column elementor-col-50 elementor-top-column elementor-element elementor-element-3a56266\" data-id=\"3a56266\" data-element_type=\"column\">\n\t\t\t<div class=\"elementor-widget-wrap elementor-element-populated\">\n\t\t\t\t\t\t<div class=\"elementor-element elementor-element-1d5dd3b elementor-widget elementor-widget-text-editor\" data-id=\"1d5dd3b\" data-element_type=\"widget\" data-widget_type=\"text-editor.default\">\n\t\t\t\t<div class=\"elementor-widget-container\">\n\t\t\t\t\t\t\t\t\t<p>Potete acquistare il buono regalo del valore di CHF 120.00<\/p><ul><li>telefonando allo 022 830 15 53\u00a0<\/li><li>contattandomi all&#8217;indirizzo email <a href=\"mailto:myriam.novelli@gmail.com\">myriam.novelli@gmail.com<\/a><\/li><\/ul><p>Potete ricevere il buono regalo :<\/p><ul><li>via email, a pagamento ricevuto,\u00a0 in formato pdf da stampare.<\/li><li>oppure ritirarlo personalmente presso lo studio su previo appuntamento.<\/li><\/ul><p>Il destinatario del buono potr\u00e0 prenotare la propria seduta entro 12 mesi dalla data di emissione contattandomi telefonicamente.<\/p><p>Per maggiori dettagli, non esitate a contattarmi.<\/p><p><!-- \/wp:paragraph --><\/p>\t\t\t\t\t\t\t\t<\/div>\n\t\t\t\t<\/div>\n\t\t\t\t\t<\/div>\n\t\t<\/div>\n\t\t\t\t\t<\/div>\n\t\t<\/section>\n\t\t\t\t<section class=\"elementor-section elementor-top-section elementor-element elementor-element-46315826 elementor-section-content-middle elementor-section-stretched elementor-section-boxed elementor-section-height-default elementor-section-height-default\" data-id=\"46315826\" data-element_type=\"section\" data-settings=\"{&quot;stretch_section&quot;:&quot;section-stretched&quot;}\">\n\t\t\t\t\t\t<div class=\"elementor-container elementor-column-gap-no\">\n\t\t\t\t\t<div class=\"elementor-column elementor-col-100 elementor-top-column elementor-element elementor-element-a635fec\" data-id=\"a635fec\" data-element_type=\"column\">\n\t\t\t<div class=\"elementor-widget-wrap elementor-element-populated\">\n\t\t\t\t\t\t<div class=\"elementor-element elementor-element-71eb17b9 elementor-invisible elementor-widget elementor-widget-text-editor\" data-id=\"71eb17b9\" data-element_type=\"widget\" data-settings=\"{&quot;_animation&quot;:&quot;zoomIn&quot;}\" data-widget_type=\"text-editor.default\">\n\t\t\t\t<div class=\"elementor-widget-container\">\n\t\t\t\t\t\t\t\t\t<div><span><strong>Un regalo personalizato per donare un momento privilegiato di relax e benessere.<\/strong><\/span><\/div><div><span><strong>Originale per chi offre e un prezioso dono per chi lo riceve.<\/strong><\/span><\/div>\t\t\t\t\t\t\t\t<\/div>\n\t\t\t\t<\/div>\n\t\t\t\t\t<\/div>\n\t\t<\/div>\n\t\t\t\t\t<\/div>\n\t\t<\/section>\n\t\t\t\t<\/div>\n\t\t","protected":false},"excerpt":{"rendered":"<p>Buoni regalo Per una seduta di un&#8217;ora alla scoperta della riflessologia Potete acquistare il buono regalo del valore di CHF 120.00 telefonando allo 022 830 15 53\u00a0 contattandomi all&#8217;indirizzo email myriam.novelli@gmail.com Potete ricevere il buono regalo : via email, a pagamento ricevuto,\u00a0 in formato pdf da stampare. oppure ritirarlo personalmente [&hellip;]<\/p>\n","protected":false},"author":2,"featured_media":0,"parent":0,"menu_order":0,"comment_status":"closed","ping_status":"closed","template":"elementor_header_footer","meta":{"_exactmetrics_skip_tracking":false,"_exactmetrics_sitenote_active":false,"_exactmetrics_sitenote_note":"","_exactmetrics_sitenote_category":0,"footnotes":""},"class_list":["post-29621","page","type-page","status-publish","hentry"],"yoast_head":"<!-- This site is optimized with the Yoast SEO plugin v26.6 - https:\/\/yoast.com\/wordpress\/plugins\/seo\/ -->\n<title>Buono regalo - Cabinet de r\u00e9flexoth\u00e9rapie<\/title>\n<meta name=\"robots\" content=\"index, follow, max-snippet:-1, max-image-preview:large, max-video-preview:-1\" \/>\n<link rel=\"canonical\" href=\"https:\/\/myreflexo.ch\/it\/buono-regalo\/\" \/>\n<meta property=\"og:locale\" content=\"it_IT\" \/>\n<meta property=\"og:type\" content=\"article\" \/>\n<meta property=\"og:title\" content=\"Buono regalo - Cabinet de r\u00e9flexoth\u00e9rapie\" \/>\n<meta property=\"og:description\" content=\"Buoni regalo Per una seduta di un&#8217;ora alla scoperta della riflessologia Potete acquistare il buono regalo del valore di CHF 120.00 telefonando allo 022 830 15 53\u00a0 contattandomi all&#8217;indirizzo email myriam.novelli@gmail.com Potete ricevere il buono regalo : via email, a pagamento ricevuto,\u00a0 in formato pdf da stampare. oppure ritirarlo personalmente [&hellip;]\" \/>\n<meta property=\"og:url\" content=\"https:\/\/myreflexo.ch\/it\/buono-regalo\/\" \/>\n<meta property=\"og:site_name\" content=\"Cabinet de r\u00e9flexoth\u00e9rapie\" \/>\n<meta property=\"article:modified_time\" content=\"2024-12-04T11:23:55+00:00\" \/>\n<meta property=\"og:image\" content=\"https:\/\/myreflexo.ch\/wp-content\/uploads\/2019\/09\/Dark-Maroon-Steakhouse-Restaurant-Gift-Certificate-3.png\" \/>\n<meta name=\"twitter:card\" content=\"summary_large_image\" \/>\n<meta name=\"twitter:label1\" content=\"Tempo di lettura stimato\" \/>\n\t<meta name=\"twitter:data1\" content=\"1 minuto\" \/>\n<script type=\"application\/ld+json\" class=\"yoast-schema-graph\">{\"@context\":\"https:\/\/schema.org\",\"@graph\":[{\"@type\":\"WebPage\",\"@id\":\"https:\/\/myreflexo.ch\/it\/buono-regalo\/\",\"url\":\"https:\/\/myreflexo.ch\/it\/buono-regalo\/\",\"name\":\"Buono regalo - Cabinet de r\u00e9flexoth\u00e9rapie\",\"isPartOf\":{\"@id\":\"https:\/\/myreflexo.ch\/it\/#website\"},\"primaryImageOfPage\":{\"@id\":\"https:\/\/myreflexo.ch\/it\/buono-regalo\/#primaryimage\"},\"image\":{\"@id\":\"https:\/\/myreflexo.ch\/it\/buono-regalo\/#primaryimage\"},\"thumbnailUrl\":\"https:\/\/myreflexo.ch\/wp-content\/uploads\/2019\/09\/Dark-Maroon-Steakhouse-Restaurant-Gift-Certificate-3.png\",\"datePublished\":\"2019-09-21T19:16:14+00:00\",\"dateModified\":\"2024-12-04T11:23:55+00:00\",\"breadcrumb\":{\"@id\":\"https:\/\/myreflexo.ch\/it\/buono-regalo\/#breadcrumb\"},\"inLanguage\":\"it-IT\",\"potentialAction\":[{\"@type\":\"ReadAction\",\"target\":[\"https:\/\/myreflexo.ch\/it\/buono-regalo\/\"]}]},{\"@type\":\"ImageObject\",\"inLanguage\":\"it-IT\",\"@id\":\"https:\/\/myreflexo.ch\/it\/buono-regalo\/#primaryimage\",\"url\":\"https:\/\/myreflexo.ch\/wp-content\/uploads\/2019\/09\/Dark-Maroon-Steakhouse-Restaurant-Gift-Certificate-3.png\",\"contentUrl\":\"https:\/\/myreflexo.ch\/wp-content\/uploads\/2019\/09\/Dark-Maroon-Steakhouse-Restaurant-Gift-Certificate-3.png\"},{\"@type\":\"BreadcrumbList\",\"@id\":\"https:\/\/myreflexo.ch\/it\/buono-regalo\/#breadcrumb\",\"itemListElement\":[{\"@type\":\"ListItem\",\"position\":1,\"name\":\"Accueil\",\"item\":\"https:\/\/myreflexo.ch\/it\/\"},{\"@type\":\"ListItem\",\"position\":2,\"name\":\"Buono regalo\"}]},{\"@type\":\"WebSite\",\"@id\":\"https:\/\/myreflexo.ch\/it\/#website\",\"url\":\"https:\/\/myreflexo.ch\/it\/\",\"name\":\"Cabinet de r\u00e9flexoth\u00e9rapie\",\"description\":\"Cabinet de th\u00e9rapies naturelles - r\u00e9flexologie - traitement des allergies - NAET - Total Reset - TRM \u00e0 Gen\u00e8ve, Confignon proche Onex Bernex Lancy\",\"publisher\":{\"@id\":\"https:\/\/myreflexo.ch\/it\/#\/schema\/person\/75d5deeba4c99245efa8f640be789770\"},\"potentialAction\":[{\"@type\":\"SearchAction\",\"target\":{\"@type\":\"EntryPoint\",\"urlTemplate\":\"https:\/\/myreflexo.ch\/it\/?s={search_term_string}\"},\"query-input\":{\"@type\":\"PropertyValueSpecification\",\"valueRequired\":true,\"valueName\":\"search_term_string\"}}],\"inLanguage\":\"it-IT\"},{\"@type\":[\"Person\",\"Organization\"],\"@id\":\"https:\/\/myreflexo.ch\/it\/#\/schema\/person\/75d5deeba4c99245efa8f640be789770\",\"name\":\"Miriam Novelli\",\"image\":{\"@type\":\"ImageObject\",\"inLanguage\":\"it-IT\",\"@id\":\"https:\/\/myreflexo.ch\/it\/#\/schema\/person\/image\/\",\"url\":\"https:\/\/myreflexo.ch\/wp-content\/uploads\/2019\/09\/logo_cabinet-de-therapies-naturelles.png\",\"contentUrl\":\"https:\/\/myreflexo.ch\/wp-content\/uploads\/2019\/09\/logo_cabinet-de-therapies-naturelles.png\",\"width\":1199,\"height\":457,\"caption\":\"Miriam Novelli\"},\"logo\":{\"@id\":\"https:\/\/myreflexo.ch\/it\/#\/schema\/person\/image\/\"}}]}<\/script>\n<!-- \/ Yoast SEO plugin. -->","yoast_head_json":{"title":"Buono regalo - Cabinet de r\u00e9flexoth\u00e9rapie","robots":{"index":"index","follow":"follow","max-snippet":"max-snippet:-1","max-image-preview":"max-image-preview:large","max-video-preview":"max-video-preview:-1"},"canonical":"https:\/\/myreflexo.ch\/it\/buono-regalo\/","og_locale":"it_IT","og_type":"article","og_title":"Buono regalo - Cabinet de r\u00e9flexoth\u00e9rapie","og_description":"Buoni regalo Per una seduta di un&#8217;ora alla scoperta della riflessologia Potete acquistare il buono regalo del valore di CHF 120.00 telefonando allo 022 830 15 53\u00a0 contattandomi all&#8217;indirizzo email myriam.novelli@gmail.com Potete ricevere il buono regalo : via email, a pagamento ricevuto,\u00a0 in formato pdf da stampare. oppure ritirarlo personalmente [&hellip;]","og_url":"https:\/\/myreflexo.ch\/it\/buono-regalo\/","og_site_name":"Cabinet de r\u00e9flexoth\u00e9rapie","article_modified_time":"2024-12-04T11:23:55+00:00","og_image":[{"url":"https:\/\/myreflexo.ch\/wp-content\/uploads\/2019\/09\/Dark-Maroon-Steakhouse-Restaurant-Gift-Certificate-3.png","type":"","width":"","height":""}],"twitter_card":"summary_large_image","twitter_misc":{"Tempo di lettura stimato":"1 minuto"},"schema":{"@context":"https:\/\/schema.org","@graph":[{"@type":"WebPage","@id":"https:\/\/myreflexo.ch\/it\/buono-regalo\/","url":"https:\/\/myreflexo.ch\/it\/buono-regalo\/","name":"Buono regalo - Cabinet de r\u00e9flexoth\u00e9rapie","isPartOf":{"@id":"https:\/\/myreflexo.ch\/it\/#website"},"primaryImageOfPage":{"@id":"https:\/\/myreflexo.ch\/it\/buono-regalo\/#primaryimage"},"image":{"@id":"https:\/\/myreflexo.ch\/it\/buono-regalo\/#primaryimage"},"thumbnailUrl":"https:\/\/myreflexo.ch\/wp-content\/uploads\/2019\/09\/Dark-Maroon-Steakhouse-Restaurant-Gift-Certificate-3.png","datePublished":"2019-09-21T19:16:14+00:00","dateModified":"2024-12-04T11:23:55+00:00","breadcrumb":{"@id":"https:\/\/myreflexo.ch\/it\/buono-regalo\/#breadcrumb"},"inLanguage":"it-IT","potentialAction":[{"@type":"ReadAction","target":["https:\/\/myreflexo.ch\/it\/buono-regalo\/"]}]},{"@type":"ImageObject","inLanguage":"it-IT","@id":"https:\/\/myreflexo.ch\/it\/buono-regalo\/#primaryimage","url":"https:\/\/myreflexo.ch\/wp-content\/uploads\/2019\/09\/Dark-Maroon-Steakhouse-Restaurant-Gift-Certificate-3.png","contentUrl":"https:\/\/myreflexo.ch\/wp-content\/uploads\/2019\/09\/Dark-Maroon-Steakhouse-Restaurant-Gift-Certificate-3.png"},{"@type":"BreadcrumbList","@id":"https:\/\/myreflexo.ch\/it\/buono-regalo\/#breadcrumb","itemListElement":[{"@type":"ListItem","position":1,"name":"Accueil","item":"https:\/\/myreflexo.ch\/it\/"},{"@type":"ListItem","position":2,"name":"Buono regalo"}]},{"@type":"WebSite","@id":"https:\/\/myreflexo.ch\/it\/#website","url":"https:\/\/myreflexo.ch\/it\/","name":"Cabinet de r\u00e9flexoth\u00e9rapie","description":"Cabinet de th\u00e9rapies naturelles - r\u00e9flexologie - traitement des allergies - NAET - Total Reset - TRM \u00e0 Gen\u00e8ve, Confignon proche Onex Bernex Lancy","publisher":{"@id":"https:\/\/myreflexo.ch\/it\/#\/schema\/person\/75d5deeba4c99245efa8f640be789770"},"potentialAction":[{"@type":"SearchAction","target":{"@type":"EntryPoint","urlTemplate":"https:\/\/myreflexo.ch\/it\/?s={search_term_string}"},"query-input":{"@type":"PropertyValueSpecification","valueRequired":true,"valueName":"search_term_string"}}],"inLanguage":"it-IT"},{"@type":["Person","Organization"],"@id":"https:\/\/myreflexo.ch\/it\/#\/schema\/person\/75d5deeba4c99245efa8f640be789770","name":"Miriam Novelli","image":{"@type":"ImageObject","inLanguage":"it-IT","@id":"https:\/\/myreflexo.ch\/it\/#\/schema\/person\/image\/","url":"https:\/\/myreflexo.ch\/wp-content\/uploads\/2019\/09\/logo_cabinet-de-therapies-naturelles.png","contentUrl":"https:\/\/myreflexo.ch\/wp-content\/uploads\/2019\/09\/logo_cabinet-de-therapies-naturelles.png","width":1199,"height":457,"caption":"Miriam Novelli"},"logo":{"@id":"https:\/\/myreflexo.ch\/it\/#\/schema\/person\/image\/"}}]}},"_links":{"self":[{"href":"https:\/\/myreflexo.ch\/it\/wp-json\/wp\/v2\/pages\/29621","targetHints":{"allow":["GET"]}}],"collection":[{"href":"https:\/\/myreflexo.ch\/it\/wp-json\/wp\/v2\/pages"}],"about":[{"href":"https:\/\/myreflexo.ch\/it\/wp-json\/wp\/v2\/types\/page"}],"author":[{"embeddable":true,"href":"https:\/\/myreflexo.ch\/it\/wp-json\/wp\/v2\/users\/2"}],"replies":[{"embeddable":true,"href":"https:\/\/myreflexo.ch\/it\/wp-json\/wp\/v2\/comments?post=29621"}],"version-history":[{"count":44,"href":"https:\/\/myreflexo.ch\/it\/wp-json\/wp\/v2\/pages\/29621\/revisions"}],"predecessor-version":[{"id":30456,"href":"https:\/\/myreflexo.ch\/it\/wp-json\/wp\/v2\/pages\/29621\/revisions\/30456"}],"wp:attachment":[{"href":"https:\/\/myreflexo.ch\/it\/wp-json\/wp\/v2\/media?parent=29621"}],"curies":[{"name":"wp","href":"https:\/\/api.w.org\/{rel}","templated":true}]}}