{"id":29001,"date":"2019-09-06T20:03:52","date_gmt":"2019-09-06T18:03:52","guid":{"rendered":"http:\/\/myreflexo.ch\/?page_id=29001"},"modified":"2025-12-16T15:56:29","modified_gmt":"2025-12-16T14:56:29","slug":"contact-et-adresse","status":"publish","type":"page","link":"https:\/\/myreflexo.ch\/fr\/contact-et-adresse\/","title":{"rendered":"Contact et adresse\u200b"},"content":{"rendered":"\t\t<div data-elementor-type=\"wp-page\" data-elementor-id=\"29001\" class=\"elementor elementor-29001\">\n\t\t\t\t\t\t<section class=\"elementor-section elementor-top-section elementor-element elementor-element-14ea7aa elementor-section-stretched elementor-section-full_width elementor-section-height-default elementor-section-height-default elementor-invisible\" data-id=\"14ea7aa\" data-element_type=\"section\" data-settings=\"{&quot;stretch_section&quot;:&quot;section-stretched&quot;,&quot;animation&quot;:&quot;fadeIn&quot;}\">\n\t\t\t\t\t\t<div class=\"elementor-container elementor-column-gap-narrow\">\n\t\t\t\t\t<div class=\"elementor-column elementor-col-100 elementor-top-column elementor-element elementor-element-b65503c\" data-id=\"b65503c\" data-element_type=\"column\">\n\t\t\t<div class=\"elementor-widget-wrap elementor-element-populated\">\n\t\t\t\t\t\t<div class=\"elementor-element elementor-element-e094c88 elementor-widget elementor-widget-google_maps\" data-id=\"e094c88\" data-element_type=\"widget\" data-widget_type=\"google_maps.default\">\n\t\t\t\t<div class=\"elementor-widget-container\">\n\t\t\t\t\t\t\t<div class=\"elementor-custom-embed\">\n\t\t\t<iframe loading=\"lazy\"\n\t\t\t\t\tsrc=\"https:\/\/maps.google.com\/maps?q=Ch.%20des%20Etroubles%202&#038;t=m&#038;z=14&#038;output=embed&#038;iwloc=near\"\n\t\t\t\t\ttitle=\"Ch. des Etroubles 2\"\n\t\t\t\t\taria-label=\"Ch. des Etroubles 2\"\n\t\t\t><\/iframe>\n\t\t<\/div>\n\t\t\t\t\t\t<\/div>\n\t\t\t\t<\/div>\n\t\t\t\t<div class=\"elementor-element elementor-element-b746489 elementor-widget elementor-widget-heading\" data-id=\"b746489\" data-element_type=\"widget\" data-widget_type=\"heading.default\">\n\t\t\t\t<div class=\"elementor-widget-container\">\n\t\t\t\t\t<h2 class=\"elementor-heading-title elementor-size-default\">Contact et adresse<\/h2>\t\t\t\t<\/div>\n\t\t\t\t<\/div>\n\t\t\t\t<div class=\"elementor-element elementor-element-9a2ed9c elementor-widget elementor-widget-text-editor\" data-id=\"9a2ed9c\" data-element_type=\"widget\" data-widget_type=\"text-editor.default\">\n\t\t\t\t<div class=\"elementor-widget-container\">\n\t\t\t\t\t\t\t\t\t<p><span>Le cabinet est situ\u00e9 \u00e0 Confignon (Gen\u00e8ve) le long de la route de Chancy, proche d&rsquo;Onex, Lancy et de la et de la Champagne genevoise<br \/><\/span><\/p>\t\t\t\t\t\t\t\t<\/div>\n\t\t\t\t<\/div>\n\t\t\t\t\t<\/div>\n\t\t<\/div>\n\t\t\t\t\t<\/div>\n\t\t<\/section>\n\t\t\t\t<section class=\"elementor-section elementor-top-section elementor-element elementor-element-272d89ca elementor-section-content-top elementor-section-boxed elementor-section-height-default elementor-section-height-default elementor-invisible\" data-id=\"272d89ca\" data-element_type=\"section\" data-settings=\"{&quot;animation&quot;:&quot;fadeIn&quot;}\">\n\t\t\t\t\t\t<div class=\"elementor-container elementor-column-gap-extended\">\n\t\t\t\t\t<div class=\"elementor-column elementor-col-50 elementor-top-column elementor-element elementor-element-38414f3f\" data-id=\"38414f3f\" data-element_type=\"column\">\n\t\t\t<div class=\"elementor-widget-wrap elementor-element-populated\">\n\t\t\t\t\t\t<div class=\"elementor-element elementor-element-46e12e1 elementor-widget elementor-widget-image\" data-id=\"46e12e1\" data-element_type=\"widget\" data-widget_type=\"image.default\">\n\t\t\t\t<div class=\"elementor-widget-container\">\n\t\t\t\t\t\t\t\t\t\t\t\t\t\t\t<img fetchpriority=\"high\" decoding=\"async\" width=\"750\" height=\"500\" src=\"https:\/\/myreflexo.ch\/wp-content\/uploads\/2019\/09\/Ext-Panneau-1-1024x683.jpg\" class=\"attachment-large size-large wp-image-29167\" alt=\"\" srcset=\"https:\/\/myreflexo.ch\/wp-content\/uploads\/2019\/09\/Ext-Panneau-1-1024x683.jpg 1024w, https:\/\/myreflexo.ch\/wp-content\/uploads\/2019\/09\/Ext-Panneau-1-300x200.jpg 300w, https:\/\/myreflexo.ch\/wp-content\/uploads\/2019\/09\/Ext-Panneau-1-768x512.jpg 768w, https:\/\/myreflexo.ch\/wp-content\/uploads\/2019\/09\/Ext-Panneau-1-360x240.jpg 360w, https:\/\/myreflexo.ch\/wp-content\/uploads\/2019\/09\/Ext-Panneau-1-e1569014714902.jpg 1336w\" sizes=\"(max-width: 750px) 100vw, 750px\" \/>\t\t\t\t\t\t\t\t\t\t\t\t\t\t\t<\/div>\n\t\t\t\t<\/div>\n\t\t\t\t\t<\/div>\n\t\t<\/div>\n\t\t\t\t<div class=\"elementor-column elementor-col-50 elementor-top-column elementor-element elementor-element-192f8cb\" data-id=\"192f8cb\" data-element_type=\"column\">\n\t\t\t<div class=\"elementor-widget-wrap elementor-element-populated\">\n\t\t\t\t\t\t<div class=\"elementor-element elementor-element-dc92fe4 elementor-icon-list--layout-traditional elementor-list-item-link-full_width elementor-widget elementor-widget-icon-list\" data-id=\"dc92fe4\" data-element_type=\"widget\" data-widget_type=\"icon-list.default\">\n\t\t\t\t<div class=\"elementor-widget-container\">\n\t\t\t\t\t\t\t<ul class=\"elementor-icon-list-items\">\n\t\t\t\t\t\t\t<li class=\"elementor-icon-list-item\">\n\t\t\t\t\t\t\t\t\t\t\t<span class=\"elementor-icon-list-icon\">\n\t\t\t\t\t\t\t<i aria-hidden=\"true\" class=\"fas fa-user-alt\"><\/i>\t\t\t\t\t\t<\/span>\n\t\t\t\t\t\t\t\t\t\t<span class=\"elementor-icon-list-text\">Miriam Novelli<\/span>\n\t\t\t\t\t\t\t\t\t<\/li>\n\t\t\t\t\t\t\t\t<li class=\"elementor-icon-list-item\">\n\t\t\t\t\t\t\t\t\t\t\t<span class=\"elementor-icon-list-icon\">\n\t\t\t\t\t\t\t<i aria-hidden=\"true\" class=\"fas fa-map-marker-alt\"><\/i>\t\t\t\t\t\t<\/span>\n\t\t\t\t\t\t\t\t\t\t<span class=\"elementor-icon-list-text\">Ch. des Etroubles 2 , 1232 Confignon  Gen\u00e8ve<\/span>\n\t\t\t\t\t\t\t\t\t<\/li>\n\t\t\t\t\t\t\t\t<li class=\"elementor-icon-list-item\">\n\t\t\t\t\t\t\t\t\t\t\t<span class=\"elementor-icon-list-icon\">\n\t\t\t\t\t\t\t<i aria-hidden=\"true\" class=\"fas fa-phone-alt\"><\/i>\t\t\t\t\t\t<\/span>\n\t\t\t\t\t\t\t\t\t\t<span class=\"elementor-icon-list-text\">Tel : +41 22 830 15 53<\/span>\n\t\t\t\t\t\t\t\t\t<\/li>\n\t\t\t\t\t\t\t\t<li class=\"elementor-icon-list-item\">\n\t\t\t\t\t\t\t\t\t\t\t<span class=\"elementor-icon-list-icon\">\n\t\t\t\t\t\t\t<i aria-hidden=\"true\" class=\"fas fa-bus\"><\/i>\t\t\t\t\t\t<\/span>\n\t\t\t\t\t\t\t\t\t\t<span class=\"elementor-icon-list-text\">Place de parking priv\u00e9e devant le cabinet <br>Bus 40, 42, 47, 48, 70, L - Tram 14<\/span>\n\t\t\t\t\t\t\t\t\t<\/li>\n\t\t\t\t\t\t\t\t<li class=\"elementor-icon-list-item\">\n\t\t\t\t\t\t\t\t\t\t\t<span class=\"elementor-icon-list-icon\">\n\t\t\t\t\t\t\t<i aria-hidden=\"true\" class=\"fas fa-traffic-light\"><\/i>\t\t\t\t\t\t<\/span>\n\t\t\t\t\t\t\t\t\t\t<span class=\"elementor-icon-list-text\">Arr\u00eat :  Confignon-Crois\u00e9e \/ Cabinet \u00e0 100 m. de l'arr\u00eat<\/span>\n\t\t\t\t\t\t\t\t\t<\/li>\n\t\t\t\t\t\t<\/ul>\n\t\t\t\t\t\t<\/div>\n\t\t\t\t<\/div>\n\t\t\t\t\t<\/div>\n\t\t<\/div>\n\t\t\t\t\t<\/div>\n\t\t<\/section>\n\t\t\t\t<\/div>\n\t\t","protected":false},"excerpt":{"rendered":"<p>Contact et adresse Le cabinet est situ\u00e9 \u00e0 Confignon (Gen\u00e8ve) le long de la route de Chancy, proche d&rsquo;Onex, Lancy et de la et de la Champagne genevoise Myriam Novelli Ch. des Etroubles 2 , 1232 Confignon Gen\u00e8ve Tel : +41 22 830 15 53 Place de parking priv\u00e9e devant [&hellip;]<\/p>\n","protected":false},"author":1,"featured_media":29124,"parent":0,"menu_order":0,"comment_status":"closed","ping_status":"closed","template":"elementor_header_footer","meta":{"_exactmetrics_skip_tracking":false,"_exactmetrics_sitenote_active":false,"_exactmetrics_sitenote_note":"","_exactmetrics_sitenote_category":0,"footnotes":""},"class_list":["post-29001","page","type-page","status-publish","has-post-thumbnail","hentry"],"yoast_head":"<!-- This site is optimized with the Yoast SEO plugin v26.6 - https:\/\/yoast.com\/wordpress\/plugins\/seo\/ -->\n<title>Contact et adresse\u200b - Cabinet de r\u00e9flexoth\u00e9rapie<\/title>\n<meta name=\"robots\" content=\"index, follow, max-snippet:-1, max-image-preview:large, max-video-preview:-1\" \/>\n<link rel=\"canonical\" href=\"https:\/\/myreflexo.ch\/fr\/contact-et-adresse\/\" \/>\n<meta property=\"og:locale\" content=\"fr_FR\" \/>\n<meta property=\"og:type\" content=\"article\" \/>\n<meta property=\"og:title\" content=\"Contact et adresse\u200b - Cabinet de r\u00e9flexoth\u00e9rapie\" \/>\n<meta property=\"og:description\" content=\"Contact et adresse Le cabinet est situ\u00e9 \u00e0 Confignon (Gen\u00e8ve) le long de la route de Chancy, proche d&rsquo;Onex, Lancy et de la et de la Champagne genevoise Myriam Novelli Ch. des Etroubles 2 , 1232 Confignon Gen\u00e8ve Tel : +41 22 830 15 53 Place de parking priv\u00e9e devant [&hellip;]\" \/>\n<meta property=\"og:url\" content=\"https:\/\/myreflexo.ch\/fr\/contact-et-adresse\/\" \/>\n<meta property=\"og:site_name\" content=\"Cabinet de r\u00e9flexoth\u00e9rapie\" \/>\n<meta property=\"article:modified_time\" content=\"2025-12-16T14:56:29+00:00\" \/>\n<meta property=\"og:image\" content=\"https:\/\/myreflexo.ch\/wp-content\/uploads\/2019\/09\/SalAt-Perspective-e1570794979309.jpg\" \/>\n\t<meta property=\"og:image:width\" content=\"1336\" \/>\n\t<meta property=\"og:image:height\" content=\"891\" \/>\n\t<meta property=\"og:image:type\" content=\"image\/jpeg\" \/>\n<meta name=\"twitter:card\" content=\"summary_large_image\" \/>\n<meta name=\"twitter:label1\" content=\"Dur\u00e9e de lecture estim\u00e9e\" \/>\n\t<meta name=\"twitter:data1\" content=\"1 minute\" \/>\n<script type=\"application\/ld+json\" class=\"yoast-schema-graph\">{\"@context\":\"https:\/\/schema.org\",\"@graph\":[{\"@type\":\"WebPage\",\"@id\":\"https:\/\/myreflexo.ch\/fr\/contact-et-adresse\/\",\"url\":\"https:\/\/myreflexo.ch\/fr\/contact-et-adresse\/\",\"name\":\"Contact et adresse\u200b - Cabinet de r\u00e9flexoth\u00e9rapie\",\"isPartOf\":{\"@id\":\"https:\/\/myreflexo.ch\/fr\/#website\"},\"primaryImageOfPage\":{\"@id\":\"https:\/\/myreflexo.ch\/fr\/contact-et-adresse\/#primaryimage\"},\"image\":{\"@id\":\"https:\/\/myreflexo.ch\/fr\/contact-et-adresse\/#primaryimage\"},\"thumbnailUrl\":\"https:\/\/myreflexo.ch\/wp-content\/uploads\/2019\/09\/SalAt-Perspective-e1570794979309.jpg\",\"datePublished\":\"2019-09-06T18:03:52+00:00\",\"dateModified\":\"2025-12-16T14:56:29+00:00\",\"breadcrumb\":{\"@id\":\"https:\/\/myreflexo.ch\/fr\/contact-et-adresse\/#breadcrumb\"},\"inLanguage\":\"fr-FR\",\"potentialAction\":[{\"@type\":\"ReadAction\",\"target\":[\"https:\/\/myreflexo.ch\/fr\/contact-et-adresse\/\"]}]},{\"@type\":\"ImageObject\",\"inLanguage\":\"fr-FR\",\"@id\":\"https:\/\/myreflexo.ch\/fr\/contact-et-adresse\/#primaryimage\",\"url\":\"https:\/\/myreflexo.ch\/wp-content\/uploads\/2019\/09\/SalAt-Perspective-e1570794979309.jpg\",\"contentUrl\":\"https:\/\/myreflexo.ch\/wp-content\/uploads\/2019\/09\/SalAt-Perspective-e1570794979309.jpg\",\"width\":1336,\"height\":891},{\"@type\":\"BreadcrumbList\",\"@id\":\"https:\/\/myreflexo.ch\/fr\/contact-et-adresse\/#breadcrumb\",\"itemListElement\":[{\"@type\":\"ListItem\",\"position\":1,\"name\":\"Accueil\",\"item\":\"https:\/\/myreflexo.ch\/\"},{\"@type\":\"ListItem\",\"position\":2,\"name\":\"Contact et adresse\u200b\"}]},{\"@type\":\"WebSite\",\"@id\":\"https:\/\/myreflexo.ch\/fr\/#website\",\"url\":\"https:\/\/myreflexo.ch\/fr\/\",\"name\":\"Cabinet de r\u00e9flexoth\u00e9rapie\",\"description\":\"Cabinet de th\u00e9rapies naturelles - r\u00e9flexologie - traitement des allergies - NAET - Total Reset - TRM \u00e0 Gen\u00e8ve, Confignon proche Onex Bernex Lancy\",\"publisher\":{\"@id\":\"https:\/\/myreflexo.ch\/fr\/#\/schema\/person\/75d5deeba4c99245efa8f640be789770\"},\"potentialAction\":[{\"@type\":\"SearchAction\",\"target\":{\"@type\":\"EntryPoint\",\"urlTemplate\":\"https:\/\/myreflexo.ch\/fr\/?s={search_term_string}\"},\"query-input\":{\"@type\":\"PropertyValueSpecification\",\"valueRequired\":true,\"valueName\":\"search_term_string\"}}],\"inLanguage\":\"fr-FR\"},{\"@type\":[\"Person\",\"Organization\"],\"@id\":\"https:\/\/myreflexo.ch\/fr\/#\/schema\/person\/75d5deeba4c99245efa8f640be789770\",\"name\":\"Miriam Novelli\",\"image\":{\"@type\":\"ImageObject\",\"inLanguage\":\"fr-FR\",\"@id\":\"https:\/\/myreflexo.ch\/fr\/#\/schema\/person\/image\/\",\"url\":\"https:\/\/myreflexo.ch\/wp-content\/uploads\/2019\/09\/logo_cabinet-de-therapies-naturelles.png\",\"contentUrl\":\"https:\/\/myreflexo.ch\/wp-content\/uploads\/2019\/09\/logo_cabinet-de-therapies-naturelles.png\",\"width\":1199,\"height\":457,\"caption\":\"Miriam Novelli\"},\"logo\":{\"@id\":\"https:\/\/myreflexo.ch\/fr\/#\/schema\/person\/image\/\"}}]}<\/script>\n<!-- \/ Yoast SEO plugin. -->","yoast_head_json":{"title":"Contact et adresse\u200b - Cabinet de r\u00e9flexoth\u00e9rapie","robots":{"index":"index","follow":"follow","max-snippet":"max-snippet:-1","max-image-preview":"max-image-preview:large","max-video-preview":"max-video-preview:-1"},"canonical":"https:\/\/myreflexo.ch\/fr\/contact-et-adresse\/","og_locale":"fr_FR","og_type":"article","og_title":"Contact et adresse\u200b - Cabinet de r\u00e9flexoth\u00e9rapie","og_description":"Contact et adresse Le cabinet est situ\u00e9 \u00e0 Confignon (Gen\u00e8ve) le long de la route de Chancy, proche d&rsquo;Onex, Lancy et de la et de la Champagne genevoise Myriam Novelli Ch. des Etroubles 2 , 1232 Confignon Gen\u00e8ve Tel : +41 22 830 15 53 Place de parking priv\u00e9e devant [&hellip;]","og_url":"https:\/\/myreflexo.ch\/fr\/contact-et-adresse\/","og_site_name":"Cabinet de r\u00e9flexoth\u00e9rapie","article_modified_time":"2025-12-16T14:56:29+00:00","og_image":[{"width":1336,"height":891,"url":"https:\/\/myreflexo.ch\/wp-content\/uploads\/2019\/09\/SalAt-Perspective-e1570794979309.jpg","type":"image\/jpeg"}],"twitter_card":"summary_large_image","twitter_misc":{"Dur\u00e9e de lecture estim\u00e9e":"1 minute"},"schema":{"@context":"https:\/\/schema.org","@graph":[{"@type":"WebPage","@id":"https:\/\/myreflexo.ch\/fr\/contact-et-adresse\/","url":"https:\/\/myreflexo.ch\/fr\/contact-et-adresse\/","name":"Contact et adresse\u200b - Cabinet de r\u00e9flexoth\u00e9rapie","isPartOf":{"@id":"https:\/\/myreflexo.ch\/fr\/#website"},"primaryImageOfPage":{"@id":"https:\/\/myreflexo.ch\/fr\/contact-et-adresse\/#primaryimage"},"image":{"@id":"https:\/\/myreflexo.ch\/fr\/contact-et-adresse\/#primaryimage"},"thumbnailUrl":"https:\/\/myreflexo.ch\/wp-content\/uploads\/2019\/09\/SalAt-Perspective-e1570794979309.jpg","datePublished":"2019-09-06T18:03:52+00:00","dateModified":"2025-12-16T14:56:29+00:00","breadcrumb":{"@id":"https:\/\/myreflexo.ch\/fr\/contact-et-adresse\/#breadcrumb"},"inLanguage":"fr-FR","potentialAction":[{"@type":"ReadAction","target":["https:\/\/myreflexo.ch\/fr\/contact-et-adresse\/"]}]},{"@type":"ImageObject","inLanguage":"fr-FR","@id":"https:\/\/myreflexo.ch\/fr\/contact-et-adresse\/#primaryimage","url":"https:\/\/myreflexo.ch\/wp-content\/uploads\/2019\/09\/SalAt-Perspective-e1570794979309.jpg","contentUrl":"https:\/\/myreflexo.ch\/wp-content\/uploads\/2019\/09\/SalAt-Perspective-e1570794979309.jpg","width":1336,"height":891},{"@type":"BreadcrumbList","@id":"https:\/\/myreflexo.ch\/fr\/contact-et-adresse\/#breadcrumb","itemListElement":[{"@type":"ListItem","position":1,"name":"Accueil","item":"https:\/\/myreflexo.ch\/"},{"@type":"ListItem","position":2,"name":"Contact et adresse\u200b"}]},{"@type":"WebSite","@id":"https:\/\/myreflexo.ch\/fr\/#website","url":"https:\/\/myreflexo.ch\/fr\/","name":"Cabinet de r\u00e9flexoth\u00e9rapie","description":"Cabinet de th\u00e9rapies naturelles - r\u00e9flexologie - traitement des allergies - NAET - Total Reset - TRM \u00e0 Gen\u00e8ve, Confignon proche Onex Bernex Lancy","publisher":{"@id":"https:\/\/myreflexo.ch\/fr\/#\/schema\/person\/75d5deeba4c99245efa8f640be789770"},"potentialAction":[{"@type":"SearchAction","target":{"@type":"EntryPoint","urlTemplate":"https:\/\/myreflexo.ch\/fr\/?s={search_term_string}"},"query-input":{"@type":"PropertyValueSpecification","valueRequired":true,"valueName":"search_term_string"}}],"inLanguage":"fr-FR"},{"@type":["Person","Organization"],"@id":"https:\/\/myreflexo.ch\/fr\/#\/schema\/person\/75d5deeba4c99245efa8f640be789770","name":"Miriam Novelli","image":{"@type":"ImageObject","inLanguage":"fr-FR","@id":"https:\/\/myreflexo.ch\/fr\/#\/schema\/person\/image\/","url":"https:\/\/myreflexo.ch\/wp-content\/uploads\/2019\/09\/logo_cabinet-de-therapies-naturelles.png","contentUrl":"https:\/\/myreflexo.ch\/wp-content\/uploads\/2019\/09\/logo_cabinet-de-therapies-naturelles.png","width":1199,"height":457,"caption":"Miriam Novelli"},"logo":{"@id":"https:\/\/myreflexo.ch\/fr\/#\/schema\/person\/image\/"}}]}},"_links":{"self":[{"href":"https:\/\/myreflexo.ch\/fr\/wp-json\/wp\/v2\/pages\/29001","targetHints":{"allow":["GET"]}}],"collection":[{"href":"https:\/\/myreflexo.ch\/fr\/wp-json\/wp\/v2\/pages"}],"about":[{"href":"https:\/\/myreflexo.ch\/fr\/wp-json\/wp\/v2\/types\/page"}],"author":[{"embeddable":true,"href":"https:\/\/myreflexo.ch\/fr\/wp-json\/wp\/v2\/users\/1"}],"replies":[{"embeddable":true,"href":"https:\/\/myreflexo.ch\/fr\/wp-json\/wp\/v2\/comments?post=29001"}],"version-history":[{"count":37,"href":"https:\/\/myreflexo.ch\/fr\/wp-json\/wp\/v2\/pages\/29001\/revisions"}],"predecessor-version":[{"id":30526,"href":"https:\/\/myreflexo.ch\/fr\/wp-json\/wp\/v2\/pages\/29001\/revisions\/30526"}],"wp:featuredmedia":[{"embeddable":true,"href":"https:\/\/myreflexo.ch\/fr\/wp-json\/wp\/v2\/media\/29124"}],"wp:attachment":[{"href":"https:\/\/myreflexo.ch\/fr\/wp-json\/wp\/v2\/media?parent=29001"}],"curies":[{"name":"wp","href":"https:\/\/api.w.org\/{rel}","templated":true}]}}