{"id":28998,"date":"2019-09-06T19:59:50","date_gmt":"2019-09-06T17:59:50","guid":{"rendered":"http:\/\/myreflexo.ch\/?page_id=28998"},"modified":"2024-12-03T19:35:18","modified_gmt":"2024-12-03T18:35:18","slug":"bon-cadeaux","status":"publish","type":"page","link":"https:\/\/myreflexo.ch\/fr\/bon-cadeaux\/","title":{"rendered":"Bon cadeaus"},"content":{"rendered":"\t\t<div data-elementor-type=\"wp-page\" data-elementor-id=\"28998\" class=\"elementor elementor-28998\">\n\t\t\t\t\t\t<section class=\"elementor-section elementor-top-section elementor-element elementor-element-2a75c71 elementor-section-stretched elementor-section-height-min-height elementor-section-boxed elementor-section-height-default elementor-section-items-middle\" data-id=\"2a75c71\" data-element_type=\"section\" data-settings=\"{&quot;stretch_section&quot;:&quot;section-stretched&quot;,&quot;background_background&quot;:&quot;classic&quot;}\">\n\t\t\t\t\t\t\t<div class=\"elementor-background-overlay\"><\/div>\n\t\t\t\t\t\t\t<div class=\"elementor-container elementor-column-gap-default\">\n\t\t\t\t\t<div class=\"elementor-column elementor-col-100 elementor-top-column elementor-element elementor-element-c4c8588\" data-id=\"c4c8588\" data-element_type=\"column\">\n\t\t\t<div class=\"elementor-widget-wrap elementor-element-populated\">\n\t\t\t\t\t\t<div class=\"elementor-element elementor-element-39634da elementor-widget elementor-widget-heading\" data-id=\"39634da\" data-element_type=\"widget\" data-widget_type=\"heading.default\">\n\t\t\t\t<div class=\"elementor-widget-container\">\n\t\t\t\t\t<h1 class=\"elementor-heading-title elementor-size-xxl\">Bon cadeau<\/h1>\t\t\t\t<\/div>\n\t\t\t\t<\/div>\n\t\t\t\t\t<\/div>\n\t\t<\/div>\n\t\t\t\t\t<\/div>\n\t\t<\/section>\n\t\t\t\t<section class=\"elementor-section elementor-top-section elementor-element elementor-element-7a8aced elementor-section-stretched elementor-section-boxed elementor-section-height-default elementor-section-height-default\" data-id=\"7a8aced\" data-element_type=\"section\" data-settings=\"{&quot;stretch_section&quot;:&quot;section-stretched&quot;}\">\n\t\t\t\t\t\t<div class=\"elementor-container elementor-column-gap-default\">\n\t\t\t\t\t<div class=\"elementor-column elementor-col-100 elementor-top-column elementor-element elementor-element-2f4f305\" data-id=\"2f4f305\" data-element_type=\"column\">\n\t\t\t<div class=\"elementor-widget-wrap elementor-element-populated\">\n\t\t\t\t\t\t<div class=\"elementor-element elementor-element-9cca279 elementor-widget elementor-widget-heading\" data-id=\"9cca279\" data-element_type=\"widget\" data-widget_type=\"heading.default\">\n\t\t\t\t<div class=\"elementor-widget-container\">\n\t\t\t\t\t<h2 class=\"elementor-heading-title elementor-size-default\">Pour une s\u00e9ance de r\u00e9flexologie d\u00e9couverte d'une heure<\/h2>\t\t\t\t<\/div>\n\t\t\t\t<\/div>\n\t\t\t\t\t<\/div>\n\t\t<\/div>\n\t\t\t\t\t<\/div>\n\t\t<\/section>\n\t\t\t\t<section class=\"elementor-section elementor-top-section elementor-element elementor-element-7460836e elementor-section-stretched elementor-section-content-top elementor-section-boxed elementor-section-height-default elementor-section-height-default\" data-id=\"7460836e\" data-element_type=\"section\" data-settings=\"{&quot;stretch_section&quot;:&quot;section-stretched&quot;}\">\n\t\t\t\t\t\t<div class=\"elementor-container elementor-column-gap-no\">\n\t\t\t\t\t<div class=\"elementor-column elementor-col-50 elementor-top-column elementor-element elementor-element-6f4b4926\" data-id=\"6f4b4926\" data-element_type=\"column\">\n\t\t\t<div class=\"elementor-widget-wrap elementor-element-populated\">\n\t\t\t\t\t\t<div class=\"elementor-element elementor-element-6af4c69 elementor-widget elementor-widget-image\" data-id=\"6af4c69\" data-element_type=\"widget\" data-widget_type=\"image.default\">\n\t\t\t\t<div class=\"elementor-widget-container\">\n\t\t\t\t\t\t\t\t\t\t\t\t\t\t\t<img fetchpriority=\"high\" decoding=\"async\" width=\"576\" height=\"384\" src=\"https:\/\/myreflexo.ch\/wp-content\/uploads\/2019\/09\/Dark-Maroon-Steakhouse-Restaurant-Gift-Certificate-3.png\" class=\"attachment-large size-large wp-image-30014\" alt=\"\" srcset=\"https:\/\/myreflexo.ch\/wp-content\/uploads\/2019\/09\/Dark-Maroon-Steakhouse-Restaurant-Gift-Certificate-3.png 576w, https:\/\/myreflexo.ch\/wp-content\/uploads\/2019\/09\/Dark-Maroon-Steakhouse-Restaurant-Gift-Certificate-3-300x200.png 300w, https:\/\/myreflexo.ch\/wp-content\/uploads\/2019\/09\/Dark-Maroon-Steakhouse-Restaurant-Gift-Certificate-3-360x240.png 360w\" sizes=\"(max-width: 576px) 100vw, 576px\" \/>\t\t\t\t\t\t\t\t\t\t\t\t\t\t\t<\/div>\n\t\t\t\t<\/div>\n\t\t\t\t\t<\/div>\n\t\t<\/div>\n\t\t\t\t<div class=\"elementor-column elementor-col-50 elementor-top-column elementor-element elementor-element-3a56266\" data-id=\"3a56266\" data-element_type=\"column\">\n\t\t\t<div class=\"elementor-widget-wrap elementor-element-populated\">\n\t\t\t\t\t\t<div class=\"elementor-element elementor-element-1d5dd3b elementor-widget elementor-widget-text-editor\" data-id=\"1d5dd3b\" data-element_type=\"widget\" data-widget_type=\"text-editor.default\">\n\t\t\t\t<div class=\"elementor-widget-container\">\n\t\t\t\t\t\t\t\t\t<p class=\"font_9\"><span><span class=\"color_20\">Vous avez la possibilit\u00e9 de commander un bon cadeau pour une valeur de CHF 120.-<\/span><\/span><\/p><ul><li><span><span class=\"color_20\">par t\u00e9l\u00e9phone au 022 830 15 53<\/span><\/span><\/li><li><span><span class=\"color_20\">par email \u00e0 <a href=\"mailto:myriam.novelli@gmail.com\">myriam.novelli@gmail.com<\/a><\/span><\/span><\/li><\/ul><p class=\"font_9\"><span><span class=\"color_20\">Selon votre pr\u00e9f\u00e9rence,<\/span><\/span><\/p><ul class=\"color_20 font_9\"><li><p class=\"font_9\"><span><span class=\"color_20\">soit vous recevez le bon cadeau en version PDF \u00e0 imprimer une fois le paiement r\u00e9ceptionn\u00e9<\/span><\/span><\/p><\/li><li><p class=\"font_9\"><span><span class=\"color_20\">soit\u00a0<\/span><\/span><span><span class=\"color_20\">vous passez prendre le bon cadeau au cabinet \u00e0 un moment convenu au pr\u00e9alable<\/span><\/span><\/p><\/li><\/ul><p class=\"font_9\"><span><span class=\"color_20\">Le destinataire du bon cadeau pourra r\u00e9server son rendez-vous \u00e0 sa convenance. Le bon a une validit\u00e9 de 12 mois \u00e0 partir de la date d&rsquo;\u00e9mission.<\/span><\/span><\/p><p class=\"font_9\"><span><span class=\"color_20\">Pour toutes informations compl\u00e9mentaires, n&rsquo;h\u00e9sitez pas \u00e0 me contacter.<\/span><\/span><\/p><p><!-- \/wp:paragraph --><\/p>\t\t\t\t\t\t\t\t<\/div>\n\t\t\t\t<\/div>\n\t\t\t\t\t<\/div>\n\t\t<\/div>\n\t\t\t\t\t<\/div>\n\t\t<\/section>\n\t\t\t\t<section class=\"elementor-section elementor-top-section elementor-element elementor-element-46315826 elementor-section-content-middle elementor-section-stretched elementor-section-boxed elementor-section-height-default elementor-section-height-default\" data-id=\"46315826\" data-element_type=\"section\" data-settings=\"{&quot;stretch_section&quot;:&quot;section-stretched&quot;}\">\n\t\t\t\t\t\t<div class=\"elementor-container elementor-column-gap-no\">\n\t\t\t\t\t<div class=\"elementor-column elementor-col-100 elementor-top-column elementor-element elementor-element-a635fec\" data-id=\"a635fec\" data-element_type=\"column\">\n\t\t\t<div class=\"elementor-widget-wrap elementor-element-populated\">\n\t\t\t\t\t\t<div class=\"elementor-element elementor-element-71eb17b9 elementor-invisible elementor-widget elementor-widget-text-editor\" data-id=\"71eb17b9\" data-element_type=\"widget\" data-settings=\"{&quot;_animation&quot;:&quot;zoomIn&quot;}\" data-widget_type=\"text-editor.default\">\n\t\t\t\t<div class=\"elementor-widget-container\">\n\t\t\t\t\t\t\t\t\t<h4 class=\"font_9\"><span class=\"color_18\"><span>Offrez un moment privil\u00e9gi\u00e9 de d\u00e9tente et de bien-\u00eatre.\u00a0\u00a0<\/span><\/span><\/h4><h4 class=\"font_9\"><span class=\"color_18\"><span>Un cadeau original pour celui qui l&rsquo;offre et pr\u00e9cieux pour celui qui le re\u00e7oit.\u00a0<\/span><\/span><\/h4>\t\t\t\t\t\t\t\t<\/div>\n\t\t\t\t<\/div>\n\t\t\t\t\t<\/div>\n\t\t<\/div>\n\t\t\t\t\t<\/div>\n\t\t<\/section>\n\t\t\t\t<\/div>\n\t\t","protected":false},"excerpt":{"rendered":"<p>Bon cadeau Pour une s\u00e9ance de r\u00e9flexologie d\u00e9couverte d&rsquo;une heure Vous avez la possibilit\u00e9 de commander un bon cadeau pour une valeur de CHF 120.- par t\u00e9l\u00e9phone au 022 830 15 53 par email \u00e0 myriam.novelli@gmail.com Selon votre pr\u00e9f\u00e9rence, soit vous recevez le bon cadeau en version PDF \u00e0 imprimer [&hellip;]<\/p>\n","protected":false},"author":1,"featured_media":0,"parent":0,"menu_order":0,"comment_status":"closed","ping_status":"closed","template":"elementor_header_footer","meta":{"_exactmetrics_skip_tracking":false,"_exactmetrics_sitenote_active":false,"_exactmetrics_sitenote_note":"","_exactmetrics_sitenote_category":0,"footnotes":""},"class_list":["post-28998","page","type-page","status-publish","hentry"],"yoast_head":"<!-- This site is optimized with the Yoast SEO plugin v26.6 - https:\/\/yoast.com\/wordpress\/plugins\/seo\/ -->\n<title>Bon cadeaus - Cabinet de r\u00e9flexoth\u00e9rapie<\/title>\n<meta name=\"robots\" content=\"index, follow, max-snippet:-1, max-image-preview:large, max-video-preview:-1\" \/>\n<link rel=\"canonical\" href=\"https:\/\/myreflexo.ch\/fr\/bon-cadeaux\/\" \/>\n<meta property=\"og:locale\" content=\"fr_FR\" \/>\n<meta property=\"og:type\" content=\"article\" \/>\n<meta property=\"og:title\" content=\"Bon cadeaus - Cabinet de r\u00e9flexoth\u00e9rapie\" \/>\n<meta property=\"og:description\" content=\"Bon cadeau Pour une s\u00e9ance de r\u00e9flexologie d\u00e9couverte d&rsquo;une heure Vous avez la possibilit\u00e9 de commander un bon cadeau pour une valeur de CHF 120.- par t\u00e9l\u00e9phone au 022 830 15 53 par email \u00e0 myriam.novelli@gmail.com Selon votre pr\u00e9f\u00e9rence, soit vous recevez le bon cadeau en version PDF \u00e0 imprimer [&hellip;]\" \/>\n<meta property=\"og:url\" content=\"https:\/\/myreflexo.ch\/fr\/bon-cadeaux\/\" \/>\n<meta property=\"og:site_name\" content=\"Cabinet de r\u00e9flexoth\u00e9rapie\" \/>\n<meta property=\"article:modified_time\" content=\"2024-12-03T18:35:18+00:00\" \/>\n<meta property=\"og:image\" content=\"https:\/\/myreflexo.ch\/wp-content\/uploads\/2019\/09\/Dark-Maroon-Steakhouse-Restaurant-Gift-Certificate-3.png\" \/>\n<meta name=\"twitter:card\" content=\"summary_large_image\" \/>\n<meta name=\"twitter:label1\" content=\"Dur\u00e9e de lecture estim\u00e9e\" \/>\n\t<meta name=\"twitter:data1\" content=\"1 minute\" \/>\n<script type=\"application\/ld+json\" class=\"yoast-schema-graph\">{\"@context\":\"https:\/\/schema.org\",\"@graph\":[{\"@type\":\"WebPage\",\"@id\":\"https:\/\/myreflexo.ch\/fr\/bon-cadeaux\/\",\"url\":\"https:\/\/myreflexo.ch\/fr\/bon-cadeaux\/\",\"name\":\"Bon cadeaus - Cabinet de r\u00e9flexoth\u00e9rapie\",\"isPartOf\":{\"@id\":\"https:\/\/myreflexo.ch\/fr\/#website\"},\"primaryImageOfPage\":{\"@id\":\"https:\/\/myreflexo.ch\/fr\/bon-cadeaux\/#primaryimage\"},\"image\":{\"@id\":\"https:\/\/myreflexo.ch\/fr\/bon-cadeaux\/#primaryimage\"},\"thumbnailUrl\":\"https:\/\/myreflexo.ch\/wp-content\/uploads\/2019\/09\/Dark-Maroon-Steakhouse-Restaurant-Gift-Certificate-3.png\",\"datePublished\":\"2019-09-06T17:59:50+00:00\",\"dateModified\":\"2024-12-03T18:35:18+00:00\",\"breadcrumb\":{\"@id\":\"https:\/\/myreflexo.ch\/fr\/bon-cadeaux\/#breadcrumb\"},\"inLanguage\":\"fr-FR\",\"potentialAction\":[{\"@type\":\"ReadAction\",\"target\":[\"https:\/\/myreflexo.ch\/fr\/bon-cadeaux\/\"]}]},{\"@type\":\"ImageObject\",\"inLanguage\":\"fr-FR\",\"@id\":\"https:\/\/myreflexo.ch\/fr\/bon-cadeaux\/#primaryimage\",\"url\":\"https:\/\/myreflexo.ch\/wp-content\/uploads\/2019\/09\/Dark-Maroon-Steakhouse-Restaurant-Gift-Certificate-3.png\",\"contentUrl\":\"https:\/\/myreflexo.ch\/wp-content\/uploads\/2019\/09\/Dark-Maroon-Steakhouse-Restaurant-Gift-Certificate-3.png\"},{\"@type\":\"BreadcrumbList\",\"@id\":\"https:\/\/myreflexo.ch\/fr\/bon-cadeaux\/#breadcrumb\",\"itemListElement\":[{\"@type\":\"ListItem\",\"position\":1,\"name\":\"Accueil\",\"item\":\"https:\/\/myreflexo.ch\/\"},{\"@type\":\"ListItem\",\"position\":2,\"name\":\"Bon cadeaus\"}]},{\"@type\":\"WebSite\",\"@id\":\"https:\/\/myreflexo.ch\/fr\/#website\",\"url\":\"https:\/\/myreflexo.ch\/fr\/\",\"name\":\"Cabinet de r\u00e9flexoth\u00e9rapie\",\"description\":\"Cabinet de th\u00e9rapies naturelles - r\u00e9flexologie - traitement des allergies - NAET - Total Reset - TRM \u00e0 Gen\u00e8ve, Confignon proche Onex Bernex Lancy\",\"publisher\":{\"@id\":\"https:\/\/myreflexo.ch\/fr\/#\/schema\/person\/75d5deeba4c99245efa8f640be789770\"},\"potentialAction\":[{\"@type\":\"SearchAction\",\"target\":{\"@type\":\"EntryPoint\",\"urlTemplate\":\"https:\/\/myreflexo.ch\/fr\/?s={search_term_string}\"},\"query-input\":{\"@type\":\"PropertyValueSpecification\",\"valueRequired\":true,\"valueName\":\"search_term_string\"}}],\"inLanguage\":\"fr-FR\"},{\"@type\":[\"Person\",\"Organization\"],\"@id\":\"https:\/\/myreflexo.ch\/fr\/#\/schema\/person\/75d5deeba4c99245efa8f640be789770\",\"name\":\"Miriam Novelli\",\"image\":{\"@type\":\"ImageObject\",\"inLanguage\":\"fr-FR\",\"@id\":\"https:\/\/myreflexo.ch\/fr\/#\/schema\/person\/image\/\",\"url\":\"https:\/\/myreflexo.ch\/wp-content\/uploads\/2019\/09\/logo_cabinet-de-therapies-naturelles.png\",\"contentUrl\":\"https:\/\/myreflexo.ch\/wp-content\/uploads\/2019\/09\/logo_cabinet-de-therapies-naturelles.png\",\"width\":1199,\"height\":457,\"caption\":\"Miriam Novelli\"},\"logo\":{\"@id\":\"https:\/\/myreflexo.ch\/fr\/#\/schema\/person\/image\/\"}}]}<\/script>\n<!-- \/ Yoast SEO plugin. -->","yoast_head_json":{"title":"Bon cadeaus - Cabinet de r\u00e9flexoth\u00e9rapie","robots":{"index":"index","follow":"follow","max-snippet":"max-snippet:-1","max-image-preview":"max-image-preview:large","max-video-preview":"max-video-preview:-1"},"canonical":"https:\/\/myreflexo.ch\/fr\/bon-cadeaux\/","og_locale":"fr_FR","og_type":"article","og_title":"Bon cadeaus - Cabinet de r\u00e9flexoth\u00e9rapie","og_description":"Bon cadeau Pour une s\u00e9ance de r\u00e9flexologie d\u00e9couverte d&rsquo;une heure Vous avez la possibilit\u00e9 de commander un bon cadeau pour une valeur de CHF 120.- par t\u00e9l\u00e9phone au 022 830 15 53 par email \u00e0 myriam.novelli@gmail.com Selon votre pr\u00e9f\u00e9rence, soit vous recevez le bon cadeau en version PDF \u00e0 imprimer [&hellip;]","og_url":"https:\/\/myreflexo.ch\/fr\/bon-cadeaux\/","og_site_name":"Cabinet de r\u00e9flexoth\u00e9rapie","article_modified_time":"2024-12-03T18:35:18+00:00","og_image":[{"url":"https:\/\/myreflexo.ch\/wp-content\/uploads\/2019\/09\/Dark-Maroon-Steakhouse-Restaurant-Gift-Certificate-3.png","type":"","width":"","height":""}],"twitter_card":"summary_large_image","twitter_misc":{"Dur\u00e9e de lecture estim\u00e9e":"1 minute"},"schema":{"@context":"https:\/\/schema.org","@graph":[{"@type":"WebPage","@id":"https:\/\/myreflexo.ch\/fr\/bon-cadeaux\/","url":"https:\/\/myreflexo.ch\/fr\/bon-cadeaux\/","name":"Bon cadeaus - Cabinet de r\u00e9flexoth\u00e9rapie","isPartOf":{"@id":"https:\/\/myreflexo.ch\/fr\/#website"},"primaryImageOfPage":{"@id":"https:\/\/myreflexo.ch\/fr\/bon-cadeaux\/#primaryimage"},"image":{"@id":"https:\/\/myreflexo.ch\/fr\/bon-cadeaux\/#primaryimage"},"thumbnailUrl":"https:\/\/myreflexo.ch\/wp-content\/uploads\/2019\/09\/Dark-Maroon-Steakhouse-Restaurant-Gift-Certificate-3.png","datePublished":"2019-09-06T17:59:50+00:00","dateModified":"2024-12-03T18:35:18+00:00","breadcrumb":{"@id":"https:\/\/myreflexo.ch\/fr\/bon-cadeaux\/#breadcrumb"},"inLanguage":"fr-FR","potentialAction":[{"@type":"ReadAction","target":["https:\/\/myreflexo.ch\/fr\/bon-cadeaux\/"]}]},{"@type":"ImageObject","inLanguage":"fr-FR","@id":"https:\/\/myreflexo.ch\/fr\/bon-cadeaux\/#primaryimage","url":"https:\/\/myreflexo.ch\/wp-content\/uploads\/2019\/09\/Dark-Maroon-Steakhouse-Restaurant-Gift-Certificate-3.png","contentUrl":"https:\/\/myreflexo.ch\/wp-content\/uploads\/2019\/09\/Dark-Maroon-Steakhouse-Restaurant-Gift-Certificate-3.png"},{"@type":"BreadcrumbList","@id":"https:\/\/myreflexo.ch\/fr\/bon-cadeaux\/#breadcrumb","itemListElement":[{"@type":"ListItem","position":1,"name":"Accueil","item":"https:\/\/myreflexo.ch\/"},{"@type":"ListItem","position":2,"name":"Bon cadeaus"}]},{"@type":"WebSite","@id":"https:\/\/myreflexo.ch\/fr\/#website","url":"https:\/\/myreflexo.ch\/fr\/","name":"Cabinet de r\u00e9flexoth\u00e9rapie","description":"Cabinet de th\u00e9rapies naturelles - r\u00e9flexologie - traitement des allergies - NAET - Total Reset - TRM \u00e0 Gen\u00e8ve, Confignon proche Onex Bernex Lancy","publisher":{"@id":"https:\/\/myreflexo.ch\/fr\/#\/schema\/person\/75d5deeba4c99245efa8f640be789770"},"potentialAction":[{"@type":"SearchAction","target":{"@type":"EntryPoint","urlTemplate":"https:\/\/myreflexo.ch\/fr\/?s={search_term_string}"},"query-input":{"@type":"PropertyValueSpecification","valueRequired":true,"valueName":"search_term_string"}}],"inLanguage":"fr-FR"},{"@type":["Person","Organization"],"@id":"https:\/\/myreflexo.ch\/fr\/#\/schema\/person\/75d5deeba4c99245efa8f640be789770","name":"Miriam Novelli","image":{"@type":"ImageObject","inLanguage":"fr-FR","@id":"https:\/\/myreflexo.ch\/fr\/#\/schema\/person\/image\/","url":"https:\/\/myreflexo.ch\/wp-content\/uploads\/2019\/09\/logo_cabinet-de-therapies-naturelles.png","contentUrl":"https:\/\/myreflexo.ch\/wp-content\/uploads\/2019\/09\/logo_cabinet-de-therapies-naturelles.png","width":1199,"height":457,"caption":"Miriam Novelli"},"logo":{"@id":"https:\/\/myreflexo.ch\/fr\/#\/schema\/person\/image\/"}}]}},"_links":{"self":[{"href":"https:\/\/myreflexo.ch\/fr\/wp-json\/wp\/v2\/pages\/28998","targetHints":{"allow":["GET"]}}],"collection":[{"href":"https:\/\/myreflexo.ch\/fr\/wp-json\/wp\/v2\/pages"}],"about":[{"href":"https:\/\/myreflexo.ch\/fr\/wp-json\/wp\/v2\/types\/page"}],"author":[{"embeddable":true,"href":"https:\/\/myreflexo.ch\/fr\/wp-json\/wp\/v2\/users\/1"}],"replies":[{"embeddable":true,"href":"https:\/\/myreflexo.ch\/fr\/wp-json\/wp\/v2\/comments?post=28998"}],"version-history":[{"count":34,"href":"https:\/\/myreflexo.ch\/fr\/wp-json\/wp\/v2\/pages\/28998\/revisions"}],"predecessor-version":[{"id":30384,"href":"https:\/\/myreflexo.ch\/fr\/wp-json\/wp\/v2\/pages\/28998\/revisions\/30384"}],"wp:attachment":[{"href":"https:\/\/myreflexo.ch\/fr\/wp-json\/wp\/v2\/media?parent=28998"}],"curies":[{"name":"wp","href":"https:\/\/api.w.org\/{rel}","templated":true}]}}