{"id":29521,"date":"2019-09-20T17:14:56","date_gmt":"2019-09-20T15:14:56","guid":{"rendered":"https:\/\/myreflexo.ch\/en\/?page_id=29521"},"modified":"2024-12-03T19:38:14","modified_gmt":"2024-12-03T18:38:14","slug":"gift-voucher","status":"publish","type":"page","link":"https:\/\/myreflexo.ch\/en\/gift-voucher\/","title":{"rendered":"Gift Voucher"},"content":{"rendered":"\t\t<div data-elementor-type=\"wp-page\" data-elementor-id=\"29521\" class=\"elementor elementor-29521\">\n\t\t\t\t\t\t<section class=\"elementor-section elementor-top-section elementor-element elementor-element-49b2d2e elementor-section-stretched elementor-section-height-min-height elementor-section-boxed elementor-section-height-default elementor-section-items-middle\" data-id=\"49b2d2e\" data-element_type=\"section\" data-settings=\"{&quot;stretch_section&quot;:&quot;section-stretched&quot;,&quot;background_background&quot;:&quot;classic&quot;}\">\n\t\t\t\t\t\t\t<div class=\"elementor-background-overlay\"><\/div>\n\t\t\t\t\t\t\t<div class=\"elementor-container elementor-column-gap-default\">\n\t\t\t\t\t<div class=\"elementor-column elementor-col-100 elementor-top-column elementor-element elementor-element-958ea54\" data-id=\"958ea54\" data-element_type=\"column\">\n\t\t\t<div class=\"elementor-widget-wrap elementor-element-populated\">\n\t\t\t\t\t\t<div class=\"elementor-element elementor-element-2d1b1fe elementor-widget elementor-widget-heading\" data-id=\"2d1b1fe\" data-element_type=\"widget\" data-widget_type=\"heading.default\">\n\t\t\t\t<div class=\"elementor-widget-container\">\n\t\t\t\t\t<h1 class=\"elementor-heading-title elementor-size-xxl\">Gift Voucher<\/h1>\t\t\t\t<\/div>\n\t\t\t\t<\/div>\n\t\t\t\t\t<\/div>\n\t\t<\/div>\n\t\t\t\t\t<\/div>\n\t\t<\/section>\n\t\t\t\t<section class=\"elementor-section elementor-top-section elementor-element elementor-element-7a8aced elementor-section-stretched elementor-section-boxed elementor-section-height-default elementor-section-height-default\" data-id=\"7a8aced\" data-element_type=\"section\" data-settings=\"{&quot;stretch_section&quot;:&quot;section-stretched&quot;}\">\n\t\t\t\t\t\t<div class=\"elementor-container elementor-column-gap-default\">\n\t\t\t\t\t<div class=\"elementor-column elementor-col-100 elementor-top-column elementor-element elementor-element-2f4f305\" data-id=\"2f4f305\" data-element_type=\"column\">\n\t\t\t<div class=\"elementor-widget-wrap elementor-element-populated\">\n\t\t\t\t\t\t<div class=\"elementor-element elementor-element-9cca279 elementor-widget elementor-widget-heading\" data-id=\"9cca279\" data-element_type=\"widget\" data-widget_type=\"heading.default\">\n\t\t\t\t<div class=\"elementor-widget-container\">\n\t\t\t\t\t<h2 class=\"elementor-heading-title elementor-size-default\">For a foot reflexology discovery session of one hour<\/h2>\t\t\t\t<\/div>\n\t\t\t\t<\/div>\n\t\t\t\t\t<\/div>\n\t\t<\/div>\n\t\t\t\t\t<\/div>\n\t\t<\/section>\n\t\t\t\t<section class=\"elementor-section elementor-top-section elementor-element elementor-element-7460836e elementor-section-stretched elementor-section-boxed elementor-section-height-default elementor-section-height-default\" data-id=\"7460836e\" data-element_type=\"section\" data-settings=\"{&quot;stretch_section&quot;:&quot;section-stretched&quot;}\">\n\t\t\t\t\t\t<div class=\"elementor-container elementor-column-gap-default\">\n\t\t\t\t\t<div class=\"elementor-column elementor-col-50 elementor-top-column elementor-element elementor-element-6f4b4926\" data-id=\"6f4b4926\" data-element_type=\"column\">\n\t\t\t<div class=\"elementor-widget-wrap elementor-element-populated\">\n\t\t\t\t\t\t<div class=\"elementor-element elementor-element-6af4c69 elementor-widget elementor-widget-image\" data-id=\"6af4c69\" data-element_type=\"widget\" data-widget_type=\"image.default\">\n\t\t\t\t<div class=\"elementor-widget-container\">\n\t\t\t\t\t\t\t\t\t\t\t\t\t\t\t<img fetchpriority=\"high\" decoding=\"async\" width=\"576\" height=\"384\" src=\"https:\/\/myreflexo.ch\/wp-content\/uploads\/2019\/09\/Dark-Maroon-Steakhouse-Restaurant-Gift-Certificate-3.png\" class=\"attachment-large size-large wp-image-30014\" alt=\"\" srcset=\"https:\/\/myreflexo.ch\/wp-content\/uploads\/2019\/09\/Dark-Maroon-Steakhouse-Restaurant-Gift-Certificate-3.png 576w, https:\/\/myreflexo.ch\/wp-content\/uploads\/2019\/09\/Dark-Maroon-Steakhouse-Restaurant-Gift-Certificate-3-300x200.png 300w, https:\/\/myreflexo.ch\/wp-content\/uploads\/2019\/09\/Dark-Maroon-Steakhouse-Restaurant-Gift-Certificate-3-360x240.png 360w\" sizes=\"(max-width: 576px) 100vw, 576px\" \/>\t\t\t\t\t\t\t\t\t\t\t\t\t\t\t<\/div>\n\t\t\t\t<\/div>\n\t\t\t\t\t<\/div>\n\t\t<\/div>\n\t\t\t\t<div class=\"elementor-column elementor-col-50 elementor-top-column elementor-element elementor-element-3a56266\" data-id=\"3a56266\" data-element_type=\"column\">\n\t\t\t<div class=\"elementor-widget-wrap elementor-element-populated\">\n\t\t\t\t\t\t<div class=\"elementor-element elementor-element-7e91917 elementor-widget elementor-widget-text-editor\" data-id=\"7e91917\" data-element_type=\"widget\" data-widget_type=\"text-editor.default\">\n\t\t\t\t<div class=\"elementor-widget-container\">\n\t\t\t\t\t\t\t\t\t<p>You can order a gift voucher for a value of CHF 120.00<\/p><ul><li>by phone to 022 830 15 53<\/li><li>by email to <a href=\"mailto:myriam.novelli@gmail.com\">myriam.novelli@gmail.com<\/a><\/li><\/ul><p>According to your choice,<\/p><ul><li>either you receive the gift voucher in PDF version for print once the payment is received<\/li><li>\u00a0or you come to take it to the studio at a defined time between us<\/li><\/ul><p>The lucky recipient makes his appointment at his convenience. The voucher has a validity of 12 months from the date of issue.<\/p><p>For any further information, do not hesitate to contact me.<\/p>\t\t\t\t\t\t\t\t<\/div>\n\t\t\t\t<\/div>\n\t\t\t\t\t<\/div>\n\t\t<\/div>\n\t\t\t\t\t<\/div>\n\t\t<\/section>\n\t\t\t\t<section class=\"elementor-section elementor-top-section elementor-element elementor-element-563b5f3 elementor-section-content-middle elementor-section-stretched elementor-section-boxed elementor-section-height-default elementor-section-height-default\" data-id=\"563b5f3\" data-element_type=\"section\" data-settings=\"{&quot;stretch_section&quot;:&quot;section-stretched&quot;}\">\n\t\t\t\t\t\t<div class=\"elementor-container elementor-column-gap-no\">\n\t\t\t\t\t<div class=\"elementor-column elementor-col-100 elementor-top-column elementor-element elementor-element-585e014\" data-id=\"585e014\" data-element_type=\"column\">\n\t\t\t<div class=\"elementor-widget-wrap elementor-element-populated\">\n\t\t\t\t\t\t<div class=\"elementor-element elementor-element-bfc03c0 elementor-invisible elementor-widget elementor-widget-text-editor\" data-id=\"bfc03c0\" data-element_type=\"widget\" data-settings=\"{&quot;_animation&quot;:&quot;zoomIn&quot;}\" data-widget_type=\"text-editor.default\">\n\t\t\t\t<div class=\"elementor-widget-container\">\n\t\t\t\t\t\t\t\t\t<div class=\"t pg-3m0 pg-3x1 pg-3h4 pg-3y1b pg-3ff2 pg-3fs0 pg-3fc1 pg-3sc0 pg-3ls0 pg-3ws0\"><strong><br><\/strong><\/div>\n<div class=\"t pg-3m0 pg-3x1 pg-3h4 pg-3y1b pg-3ff2 pg-3fs0 pg-3fc1 pg-3sc0 pg-3ls0 pg-3ws0\"><strong>Give a personalized voucher of wellness to your friends or family<span class=\"_ pg-3_0\"><\/span>, a precious anti-stress<\/strong><\/div>\n<div class=\"t pg-3m0 pg-3x1 pg-3h4 pg-3y1c pg-3ff2 pg-3fs0 pg-3fc1 pg-3sc0 pg-3ls0 pg-3ws0\"><strong>gift for your loved ones.<\/strong><\/div>\t\t\t\t\t\t\t\t<\/div>\n\t\t\t\t<\/div>\n\t\t\t\t\t<\/div>\n\t\t<\/div>\n\t\t\t\t\t<\/div>\n\t\t<\/section>\n\t\t\t\t<section class=\"elementor-section elementor-top-section elementor-element elementor-element-410b401 elementor-section-boxed elementor-section-height-default elementor-section-height-default\" data-id=\"410b401\" data-element_type=\"section\">\n\t\t\t\t\t\t<div class=\"elementor-container elementor-column-gap-default\">\n\t\t\t\t\t<div class=\"elementor-column elementor-col-100 elementor-top-column elementor-element elementor-element-2b72709\" data-id=\"2b72709\" data-element_type=\"column\">\n\t\t\t<div class=\"elementor-widget-wrap elementor-element-populated\">\n\t\t\t\t\t\t<div class=\"elementor-element elementor-element-7ec9c22 elementor-widget elementor-widget-heading\" data-id=\"7ec9c22\" data-element_type=\"widget\" data-widget_type=\"heading.default\">\n\t\t\t\t<div class=\"elementor-widget-container\">\n\t\t\t\t\t<h1 class=\"elementor-heading-title elementor-size-xxl\">Buono regalo<\/h1>\t\t\t\t<\/div>\n\t\t\t\t<\/div>\n\t\t\t\t\t<\/div>\n\t\t<\/div>\n\t\t\t\t\t<\/div>\n\t\t<\/section>\n\t\t\t\t<\/div>\n\t\t","protected":false},"excerpt":{"rendered":"<p>Gift Voucher For a foot reflexology discovery session of one hour You can order a gift voucher for a value of CHF 120.00 by phone to 022 830 15 53 by email to myriam.novelli@gmail.com According to your choice, either you receive the gift voucher in PDF version for print once [&hellip;]<\/p>\n","protected":false},"author":2,"featured_media":0,"parent":0,"menu_order":0,"comment_status":"closed","ping_status":"closed","template":"elementor_header_footer","meta":{"_exactmetrics_skip_tracking":false,"_exactmetrics_sitenote_active":false,"_exactmetrics_sitenote_note":"","_exactmetrics_sitenote_category":0,"footnotes":""},"class_list":["post-29521","page","type-page","status-publish","hentry"],"yoast_head":"<!-- This site is optimized with the Yoast SEO plugin v26.6 - https:\/\/yoast.com\/wordpress\/plugins\/seo\/ -->\n<title>Gift Voucher - Cabinet de r\u00e9flexoth\u00e9rapie<\/title>\n<meta name=\"robots\" content=\"index, follow, max-snippet:-1, max-image-preview:large, max-video-preview:-1\" \/>\n<link rel=\"canonical\" href=\"https:\/\/myreflexo.ch\/en\/gift-voucher\/\" \/>\n<meta property=\"og:locale\" content=\"en_US\" \/>\n<meta property=\"og:type\" content=\"article\" \/>\n<meta property=\"og:title\" content=\"Gift Voucher - Cabinet de r\u00e9flexoth\u00e9rapie\" \/>\n<meta property=\"og:description\" content=\"Gift Voucher For a foot reflexology discovery session of one hour You can order a gift voucher for a value of CHF 120.00 by phone to 022 830 15 53 by email to myriam.novelli@gmail.com According to your choice, either you receive the gift voucher in PDF version for print once [&hellip;]\" \/>\n<meta property=\"og:url\" content=\"https:\/\/myreflexo.ch\/en\/gift-voucher\/\" \/>\n<meta property=\"og:site_name\" content=\"Cabinet de r\u00e9flexoth\u00e9rapie\" \/>\n<meta property=\"article:modified_time\" content=\"2024-12-03T18:38:14+00:00\" \/>\n<meta property=\"og:image\" content=\"https:\/\/myreflexo.ch\/wp-content\/uploads\/2019\/09\/Dark-Maroon-Steakhouse-Restaurant-Gift-Certificate-3.png\" \/>\n<meta name=\"twitter:card\" content=\"summary_large_image\" \/>\n<meta name=\"twitter:label1\" content=\"Est. reading time\" \/>\n\t<meta name=\"twitter:data1\" content=\"1 minute\" \/>\n<script type=\"application\/ld+json\" class=\"yoast-schema-graph\">{\"@context\":\"https:\/\/schema.org\",\"@graph\":[{\"@type\":\"WebPage\",\"@id\":\"https:\/\/myreflexo.ch\/en\/gift-voucher\/\",\"url\":\"https:\/\/myreflexo.ch\/en\/gift-voucher\/\",\"name\":\"Gift Voucher - Cabinet de r\u00e9flexoth\u00e9rapie\",\"isPartOf\":{\"@id\":\"https:\/\/myreflexo.ch\/en\/#website\"},\"primaryImageOfPage\":{\"@id\":\"https:\/\/myreflexo.ch\/en\/gift-voucher\/#primaryimage\"},\"image\":{\"@id\":\"https:\/\/myreflexo.ch\/en\/gift-voucher\/#primaryimage\"},\"thumbnailUrl\":\"https:\/\/myreflexo.ch\/wp-content\/uploads\/2019\/09\/Dark-Maroon-Steakhouse-Restaurant-Gift-Certificate-3.png\",\"datePublished\":\"2019-09-20T15:14:56+00:00\",\"dateModified\":\"2024-12-03T18:38:14+00:00\",\"breadcrumb\":{\"@id\":\"https:\/\/myreflexo.ch\/en\/gift-voucher\/#breadcrumb\"},\"inLanguage\":\"en-US\",\"potentialAction\":[{\"@type\":\"ReadAction\",\"target\":[\"https:\/\/myreflexo.ch\/en\/gift-voucher\/\"]}]},{\"@type\":\"ImageObject\",\"inLanguage\":\"en-US\",\"@id\":\"https:\/\/myreflexo.ch\/en\/gift-voucher\/#primaryimage\",\"url\":\"https:\/\/myreflexo.ch\/wp-content\/uploads\/2019\/09\/Dark-Maroon-Steakhouse-Restaurant-Gift-Certificate-3.png\",\"contentUrl\":\"https:\/\/myreflexo.ch\/wp-content\/uploads\/2019\/09\/Dark-Maroon-Steakhouse-Restaurant-Gift-Certificate-3.png\"},{\"@type\":\"BreadcrumbList\",\"@id\":\"https:\/\/myreflexo.ch\/en\/gift-voucher\/#breadcrumb\",\"itemListElement\":[{\"@type\":\"ListItem\",\"position\":1,\"name\":\"Accueil\",\"item\":\"https:\/\/myreflexo.ch\/en\/\"},{\"@type\":\"ListItem\",\"position\":2,\"name\":\"Brouillon auto\"}]},{\"@type\":\"WebSite\",\"@id\":\"https:\/\/myreflexo.ch\/en\/#website\",\"url\":\"https:\/\/myreflexo.ch\/en\/\",\"name\":\"Cabinet de r\u00e9flexoth\u00e9rapie\",\"description\":\"Cabinet de th\u00e9rapies naturelles - r\u00e9flexologie - traitement des allergies - NAET - Total Reset - TRM \u00e0 Gen\u00e8ve, Confignon proche Onex Bernex Lancy\",\"publisher\":{\"@id\":\"https:\/\/myreflexo.ch\/en\/#\/schema\/person\/75d5deeba4c99245efa8f640be789770\"},\"potentialAction\":[{\"@type\":\"SearchAction\",\"target\":{\"@type\":\"EntryPoint\",\"urlTemplate\":\"https:\/\/myreflexo.ch\/en\/?s={search_term_string}\"},\"query-input\":{\"@type\":\"PropertyValueSpecification\",\"valueRequired\":true,\"valueName\":\"search_term_string\"}}],\"inLanguage\":\"en-US\"},{\"@type\":[\"Person\",\"Organization\"],\"@id\":\"https:\/\/myreflexo.ch\/en\/#\/schema\/person\/75d5deeba4c99245efa8f640be789770\",\"name\":\"Miriam Novelli\",\"image\":{\"@type\":\"ImageObject\",\"inLanguage\":\"en-US\",\"@id\":\"https:\/\/myreflexo.ch\/en\/#\/schema\/person\/image\/\",\"url\":\"https:\/\/myreflexo.ch\/wp-content\/uploads\/2019\/09\/logo_cabinet-de-therapies-naturelles.png\",\"contentUrl\":\"https:\/\/myreflexo.ch\/wp-content\/uploads\/2019\/09\/logo_cabinet-de-therapies-naturelles.png\",\"width\":1199,\"height\":457,\"caption\":\"Miriam Novelli\"},\"logo\":{\"@id\":\"https:\/\/myreflexo.ch\/en\/#\/schema\/person\/image\/\"}}]}<\/script>\n<!-- \/ Yoast SEO plugin. -->","yoast_head_json":{"title":"Gift Voucher - Cabinet de r\u00e9flexoth\u00e9rapie","robots":{"index":"index","follow":"follow","max-snippet":"max-snippet:-1","max-image-preview":"max-image-preview:large","max-video-preview":"max-video-preview:-1"},"canonical":"https:\/\/myreflexo.ch\/en\/gift-voucher\/","og_locale":"en_US","og_type":"article","og_title":"Gift Voucher - Cabinet de r\u00e9flexoth\u00e9rapie","og_description":"Gift Voucher For a foot reflexology discovery session of one hour You can order a gift voucher for a value of CHF 120.00 by phone to 022 830 15 53 by email to myriam.novelli@gmail.com According to your choice, either you receive the gift voucher in PDF version for print once [&hellip;]","og_url":"https:\/\/myreflexo.ch\/en\/gift-voucher\/","og_site_name":"Cabinet de r\u00e9flexoth\u00e9rapie","article_modified_time":"2024-12-03T18:38:14+00:00","og_image":[{"url":"https:\/\/myreflexo.ch\/wp-content\/uploads\/2019\/09\/Dark-Maroon-Steakhouse-Restaurant-Gift-Certificate-3.png","type":"","width":"","height":""}],"twitter_card":"summary_large_image","twitter_misc":{"Est. reading time":"1 minute"},"schema":{"@context":"https:\/\/schema.org","@graph":[{"@type":"WebPage","@id":"https:\/\/myreflexo.ch\/en\/gift-voucher\/","url":"https:\/\/myreflexo.ch\/en\/gift-voucher\/","name":"Gift Voucher - Cabinet de r\u00e9flexoth\u00e9rapie","isPartOf":{"@id":"https:\/\/myreflexo.ch\/en\/#website"},"primaryImageOfPage":{"@id":"https:\/\/myreflexo.ch\/en\/gift-voucher\/#primaryimage"},"image":{"@id":"https:\/\/myreflexo.ch\/en\/gift-voucher\/#primaryimage"},"thumbnailUrl":"https:\/\/myreflexo.ch\/wp-content\/uploads\/2019\/09\/Dark-Maroon-Steakhouse-Restaurant-Gift-Certificate-3.png","datePublished":"2019-09-20T15:14:56+00:00","dateModified":"2024-12-03T18:38:14+00:00","breadcrumb":{"@id":"https:\/\/myreflexo.ch\/en\/gift-voucher\/#breadcrumb"},"inLanguage":"en-US","potentialAction":[{"@type":"ReadAction","target":["https:\/\/myreflexo.ch\/en\/gift-voucher\/"]}]},{"@type":"ImageObject","inLanguage":"en-US","@id":"https:\/\/myreflexo.ch\/en\/gift-voucher\/#primaryimage","url":"https:\/\/myreflexo.ch\/wp-content\/uploads\/2019\/09\/Dark-Maroon-Steakhouse-Restaurant-Gift-Certificate-3.png","contentUrl":"https:\/\/myreflexo.ch\/wp-content\/uploads\/2019\/09\/Dark-Maroon-Steakhouse-Restaurant-Gift-Certificate-3.png"},{"@type":"BreadcrumbList","@id":"https:\/\/myreflexo.ch\/en\/gift-voucher\/#breadcrumb","itemListElement":[{"@type":"ListItem","position":1,"name":"Accueil","item":"https:\/\/myreflexo.ch\/en\/"},{"@type":"ListItem","position":2,"name":"Brouillon auto"}]},{"@type":"WebSite","@id":"https:\/\/myreflexo.ch\/en\/#website","url":"https:\/\/myreflexo.ch\/en\/","name":"Cabinet de r\u00e9flexoth\u00e9rapie","description":"Cabinet de th\u00e9rapies naturelles - r\u00e9flexologie - traitement des allergies - NAET - Total Reset - TRM \u00e0 Gen\u00e8ve, Confignon proche Onex Bernex Lancy","publisher":{"@id":"https:\/\/myreflexo.ch\/en\/#\/schema\/person\/75d5deeba4c99245efa8f640be789770"},"potentialAction":[{"@type":"SearchAction","target":{"@type":"EntryPoint","urlTemplate":"https:\/\/myreflexo.ch\/en\/?s={search_term_string}"},"query-input":{"@type":"PropertyValueSpecification","valueRequired":true,"valueName":"search_term_string"}}],"inLanguage":"en-US"},{"@type":["Person","Organization"],"@id":"https:\/\/myreflexo.ch\/en\/#\/schema\/person\/75d5deeba4c99245efa8f640be789770","name":"Miriam Novelli","image":{"@type":"ImageObject","inLanguage":"en-US","@id":"https:\/\/myreflexo.ch\/en\/#\/schema\/person\/image\/","url":"https:\/\/myreflexo.ch\/wp-content\/uploads\/2019\/09\/logo_cabinet-de-therapies-naturelles.png","contentUrl":"https:\/\/myreflexo.ch\/wp-content\/uploads\/2019\/09\/logo_cabinet-de-therapies-naturelles.png","width":1199,"height":457,"caption":"Miriam Novelli"},"logo":{"@id":"https:\/\/myreflexo.ch\/en\/#\/schema\/person\/image\/"}}]}},"_links":{"self":[{"href":"https:\/\/myreflexo.ch\/en\/wp-json\/wp\/v2\/pages\/29521","targetHints":{"allow":["GET"]}}],"collection":[{"href":"https:\/\/myreflexo.ch\/en\/wp-json\/wp\/v2\/pages"}],"about":[{"href":"https:\/\/myreflexo.ch\/en\/wp-json\/wp\/v2\/types\/page"}],"author":[{"embeddable":true,"href":"https:\/\/myreflexo.ch\/en\/wp-json\/wp\/v2\/users\/2"}],"replies":[{"embeddable":true,"href":"https:\/\/myreflexo.ch\/en\/wp-json\/wp\/v2\/comments?post=29521"}],"version-history":[{"count":30,"href":"https:\/\/myreflexo.ch\/en\/wp-json\/wp\/v2\/pages\/29521\/revisions"}],"predecessor-version":[{"id":30399,"href":"https:\/\/myreflexo.ch\/en\/wp-json\/wp\/v2\/pages\/29521\/revisions\/30399"}],"wp:attachment":[{"href":"https:\/\/myreflexo.ch\/en\/wp-json\/wp\/v2\/media?parent=29521"}],"curies":[{"name":"wp","href":"https:\/\/api.w.org\/{rel}","templated":true}]}}